{"id":1012,"date":"2018-08-30T16:24:17","date_gmt":"2018-08-30T19:24:17","guid":{"rendered":"https:\/\/inspampadelindio-cha.infd.edu.ar\/sitio\/docentes-de-la-institucion\/"},"modified":"2021-04-21T17:40:24","modified_gmt":"2021-04-21T20:40:24","slug":"docentes-de-la-institucion","status":"publish","type":"page","link":"https:\/\/inspampadelindio-cha.infd.edu.ar\/sitio\/docentes-de-la-institucion\/","title":{"rendered":"Docentes de la Instituci\u00f3n"},"content":{"rendered":"<p><strong>\u00a0<\/strong><span style=\"font-family: 'book antiqua', palatino;\"><strong>DOCENTES DE LA INSTITUCI\u00d3N:<\/strong><\/span><\/p>\n<p><span style=\"font-family: 'book antiqua', palatino;\"><strong>\u00a0 \u00a0<\/strong><\/span><span style=\"font-family: 'book antiqua', palatino;\"><strong>\u00a0<\/strong><strong>* ACOSTA, GRACIELA DEL CARMEN<\/strong><\/span><\/p>\n<p><span style=\"font-family: 'book antiqua', palatino;\"><strong>\u00a0 \u00a0 * ACHIPO\u00d1AK, D\u00c9BORA<\/strong><\/span><\/p>\n<p><span style=\"font-family: 'book antiqua', palatino;\"><strong>\u00a0 \u00a0 * AGUIRRE, ELBA<\/strong><\/span><\/p>\n<p><span style=\"font-family: 'book antiqua', palatino;\"><strong>\u00a0 \u00a0 * ALEGRE, GRACIELA<\/strong><\/span><\/p>\n<p><span style=\"font-family: 'book antiqua', palatino;\"><strong>\u00a0 \u00a0 *<\/strong><strong>\u00a0<\/strong><strong>ALEGRE, PAOLA<\/strong><strong>\u00a0<\/strong><strong>EVELIN\u00a0 \u00a0<\/strong><\/span><\/p>\n<p><span style=\"font-family: 'book antiqua', palatino;\"><strong>\u00a0 \u00a0 * ALVAREZ, ROMINA<\/strong><\/span><\/p>\n<p><span style=\"font-family: 'book antiqua', palatino;\"><strong>\u00a0 \u00a0 * ALVAREZ, VANESA<\/strong><\/span><\/p>\n<p><span style=\"font-family: 'book antiqua', palatino;\"><strong>\u00a0 \u00a0 * AROCHA, CARMEN<\/strong><\/span><\/p>\n<p><span style=\"font-family: 'book antiqua', palatino;\"><strong>\u00a0\u00a0<\/strong><\/span><span style=\"font-family: 'book antiqua', palatino;\"><strong>\u00a0\u00a0<\/strong><\/span><span style=\"font-family: 'book antiqua', palatino;\"><strong>* BERNARD, FERNANDO<\/strong><\/span><\/p>\n<p><span style=\"font-family: 'book antiqua', palatino;\"><strong>\u00a0 \u00a0\u00a0<\/strong><\/span><span style=\"font-family: 'book antiqua', palatino;\"><strong>* BOGAR\u00cdN, JOS\u00c9 LUIS<\/strong><\/span><\/p>\n<p><span style=\"font-family: 'book antiqua', palatino;\"><strong>\u00a0\u00a0\u00a0 * BUBROSKY, GUSTAVO ARIEL<\/strong><\/span><\/p>\n<p><span style=\"font-family: 'book antiqua', palatino;\"><strong>\u00a0 \u00a0 * CABANA, NORMA<\/strong><\/span><\/p>\n<p><span style=\"font-family: 'book antiqua', palatino;\"><strong>\u00a0\u00a0\u00a0 <\/strong><strong>* C\u00c1CERES, MABEL<\/strong><\/span><span style=\"font-family: 'book antiqua', palatino;\"><strong>\u00a0 \u00a0\u00a0<\/strong><\/span><\/p>\n<p><span style=\"font-family: 'book antiqua', palatino;\"><strong>\u00a0 \u00a0 * CARMELOS, ALFREDO<\/strong><\/span><span style=\"font-family: 'book antiqua', palatino;\"><strong>\u00a0 \u00a0\u00a0<\/strong><\/span><\/p>\n<p><span style=\"font-family: 'book antiqua', palatino;\"><strong>\u00a0 \u00a0\u00a0<\/strong><\/span><span style=\"font-family: 'book antiqua', palatino;\"><strong>* CUENCA ZAYAS, HERN\u00c1N<\/strong><\/span><\/p>\n<p><span style=\"font-family: 'book antiqua', palatino;\"><strong>\u00a0 \u00a0<\/strong><\/span><span style=\"font-family: 'book antiqua', palatino;\"><strong>\u00a0<\/strong><\/span><span style=\"font-family: 'book antiqua', palatino;\"><strong>* ESCALANTE, FRANCO<\/strong><\/span><\/p>\n<p><span style=\"font-family: 'book antiqua', palatino;\"><strong>\u00a0 \u00a0<\/strong><\/span><span style=\"font-family: 'book antiqua', palatino;\"><strong>\u00a0<\/strong><\/span><strong style=\"font-family: 'book antiqua', palatino;\">* FERN\u00c1NDEZ, CINTIA<\/strong><\/p>\n<p><strong style=\"font-family: 'book antiqua', palatino;\">\u00a0 \u00a0 * FERN\u00c1NDEZ, CLARISA<\/strong><\/p>\n<p><strong style=\"font-family: 'book antiqua', palatino;\">\u00a0 \u00a0 * FLORITO, ARIEL<\/strong><\/p>\n<p><span style=\"font-family: 'book antiqua', palatino;\"><strong>\u00a0 \u00a0<\/strong><\/span><span style=\"font-family: 'book antiqua', palatino;\"><strong>\u00a0* FRANZOLINI, LUIS ALFREDO<\/strong><\/span><\/p>\n<p><span style=\"font-family: 'book antiqua', palatino;\"><strong>\u00a0 \u00a0 * GAMARRA, ANTONELA<\/strong><\/span><\/p>\n<p><span style=\"font-family: 'book antiqua', palatino;\"><strong>\u00a0\u00a0\u00a0 * GAMECHO, LAURA ANAL\u00cdA<\/strong><\/span><\/p>\n<p><span style=\"font-family: 'book antiqua', palatino;\"><strong>\u00a0 \u00a0 * GAMECHO, MARISEL<\/strong><\/span><\/p>\n<p><span style=\"font-family: 'book antiqua', palatino;\"><strong>\u00a0 \u00a0\u00a0<\/strong><\/span><span style=\"font-family: 'book antiqua', palatino;\"><strong>* GAUNA, ROSA<\/strong><\/span><\/p>\n<p><span style=\"font-family: 'book antiqua', palatino;\"><strong>\u00a0 \u00a0\u00a0<\/strong><\/span><span style=\"font-family: 'book antiqua', palatino;\"><strong>* GERZEL, ALICIA RAQUEL<\/strong><\/span><\/p>\n<p><span style=\"font-family: 'book antiqua', palatino;\"><strong>\u00a0\u00a0\u00a0 * GIL, JOHANA<\/strong><\/span><\/p>\n<p><span style=\"font-family: 'book antiqua', palatino;\"><strong>\u00a0 \u00a0 * GIORD\u00c1N, GRISELDA<\/strong><\/span><\/p>\n<p><span style=\"font-family: 'book antiqua', palatino;\"><strong>\u00a0 \u00a0\u00a0<\/strong><\/span><span style=\"font-family: 'book antiqua', palatino;\"><strong>* G\u00d3MEZ, MARIO<\/strong><\/span><\/p>\n<p><span style=\"font-family: 'book antiqua', palatino;\"><strong>\u00a0 \u00a0<\/strong><\/span><span style=\"font-family: 'book antiqua', palatino;\"><strong>\u00a0* G\u00d3MEZ, SANDRA ELIZABETH<\/strong><\/span><\/p>\n<p><span style=\"font-family: 'book antiqua', palatino;\"><strong>\u00a0\u00a0\u00a0 * G\u00d3MEZ, TERESA VIVIANA<\/strong><\/span><\/p>\n<p><span style=\"font-family: 'book antiqua', palatino;\"><strong>\u00a0 \u00a0 * GONZALEZ, JOHANA<\/strong><\/span><\/p>\n<p><span style=\"font-family: 'book antiqua', palatino;\"><strong>\u00a0 \u00a0\u00a0<\/strong><\/span><span style=\"font-family: 'book antiqua', palatino;\"><strong>* JOVANOVICH, MILENA<\/strong><\/span><\/p>\n<p><span style=\"font-family: 'book antiqua', palatino;\"><strong>\u00a0 \u00a0 * KOZAK, MARIELA<\/strong><\/span><\/p>\n<p><span style=\"font-family: 'book antiqua', palatino;\"><strong>\u00a0 \u00a0\u00a0<\/strong><\/span><span style=\"font-family: 'book antiqua', palatino;\"><strong>* LARREA, ZULMA ALICIA<\/strong><\/span><\/p>\n<p><span style=\"font-family: 'book antiqua', palatino;\"><strong>\u00a0 \u00a0<\/strong><\/span><span style=\"font-family: 'book antiqua', palatino;\"><strong>\u00a0* LEGUIZA, ANA MAR\u00cdA\u00a0\u00a0<\/strong><strong>\u00a0<\/strong><\/span><\/p>\n<p><span style=\"font-family: 'book antiqua', palatino;\"><strong>\u00a0 \u00a0 * L\u00d3PEZ, JAIME<\/strong><\/span><\/p>\n<p><span style=\"font-family: 'book antiqua', palatino;\"><strong>\u00a0 \u00a0\u00a0<\/strong><\/span><span style=\"font-family: 'book antiqua', palatino;\"><strong>* LOVEY, ANDR\u00c9S<\/strong><\/span><\/p>\n<p><span style=\"font-family: 'book antiqua', palatino;\"><strong>\u00a0 \u00a0 * LOZA, EMILCE CORINA<\/strong><\/span><\/p>\n<p><span style=\"font-family: 'book antiqua', palatino;\"><strong>\u00a0 \u00a0 * MACIEL, CRISTINA<\/strong><\/span><\/p>\n<p><span style=\"font-family: 'book antiqua', palatino;\"><strong>\u00a0\u00a0\u00a0 * MACIEL, HUGO ORLANDO<\/strong><\/span><\/p>\n<p><span style=\"font-family: 'book antiqua', palatino;\"><strong>\u00a0 \u00a0 * MAIDANA, SILVIO<\/strong><\/span><\/p>\n<p><span style=\"font-family: 'book antiqua', palatino;\"><strong>\u00a0\u00a0\u00a0 * MAR\u00cdN, JOS\u00c9 ARNALDO<\/strong><\/span><\/p>\n<p><span style=\"font-family: 'book antiqua', palatino;\"><strong>\u00a0\u00a0\u00a0 * MARTEARENA, CLAUDIA ALEJANDRA<\/strong><\/span><\/p>\n<p><span style=\"font-family: 'book antiqua', palatino;\"><strong>\u00a0\u00a0\u00a0 * MART\u00cdN, ADRI\u00c1N ALFREDO<\/strong><\/span><\/p>\n<p><span style=\"font-family: 'book antiqua', palatino;\"><strong>\u00a0\u00a0<\/strong><\/span><span style=\"font-family: 'book antiqua', palatino;\"><strong>\u00a0 * MART\u00cdN, GERARDO H\u00c9CTOR<\/strong><\/span><\/p>\n<p><span style=\"font-family: 'book antiqua', palatino;\"><strong>\u00a0 \u00a0 * MERLO, CARLOS<\/strong><\/span><\/p>\n<p><span style=\"font-family: 'book antiqua', palatino;\"><strong>\u00a0 \u00a0\u00a0<\/strong><\/span><span style=\"font-family: 'book antiqua', palatino;\"><strong>* MEDINA, DAMI\u00c1N<\/strong><\/span><\/p>\n<p><span style=\"font-family: 'book antiqua', palatino;\"><strong>\u00a0\u00a0\u00a0 * MEDINA, DELMA MARISEL<\/strong><\/span><\/p>\n<p><span style=\"font-family: 'book antiqua', palatino;\"><strong>\u00a0 \u00a0 * MEDINA, JUANA SOLEDAD<\/strong><\/span><\/p>\n<p><span style=\"font-family: 'book antiqua', palatino;\"><strong>\u00a0 \u00a0 * METZ MOREIRA, MARCELA ELISA<\/strong><\/span><\/p>\n<p><span style=\"font-family: 'book antiqua', palatino;\"><strong>\u00a0 \u00a0\u00a0<\/strong><\/span><span style=\"font-family: 'book antiqua', palatino;\"><strong>* MONOFF, JOHANNA E.<\/strong><\/span><\/p>\n<p><span style=\"font-family: 'book antiqua', palatino;\"><strong>\u00a0 \u00a0 * MONZ\u00d3N, JULIA<\/strong><\/span><\/p>\n<p><span style=\"font-family: 'book antiqua', palatino;\"><strong>\u00a0 \u00a0 * MORENO, JULIETA<\/strong><\/span><\/p>\n<p><span style=\"font-family: 'book antiqua', palatino;\"><strong>\u00a0 \u00a0 * MRE\u00d1ICA, CARLA<\/strong><\/span><\/p>\n<p><span style=\"font-family: 'book antiqua', palatino;\"><strong>\u00a0 \u00a0\u00a0<\/strong><\/span><span style=\"font-family: 'book antiqua', palatino;\"><strong>* MU\u00d1OZ, KARINA EVELIN<\/strong><\/span><\/p>\n<p><span style=\"font-family: 'book antiqua', palatino;\"><strong>\u00a0 \u00a0 * MU\u00d1OZ, MABEL<\/strong><\/span><\/p>\n<p><span style=\"font-family: 'book antiqua', palatino;\"><strong>\u00a0\u00a0\u00a0 * MU\u00d1OZ, YANINA SOLEDAD<\/strong><\/span><\/p>\n<p><span style=\"font-family: 'book antiqua', palatino;\"><strong>\u00a0\u00a0\u00a0 * NU\u00d1EZ, RITA<\/strong><\/span><\/p>\n<p><span style=\"font-family: 'book antiqua', palatino;\"><strong>\u00a0 \u00a0 * OJEDA, ARIEL<\/strong><\/span><\/p>\n<p><span style=\"font-family: 'book antiqua', palatino;\"><strong>\u00a0 \u00a0 * ORTIZ, PEDRO<\/strong><\/span><\/p>\n<p><span style=\"font-family: 'book antiqua', palatino;\"><strong>\u00a0\u00a0<\/strong><\/span><span style=\"font-family: 'book antiqua', palatino;\"><strong>\u00a0 * PALACIOS, SONIA<\/strong><\/span><\/p>\n<p><span style=\"font-family: 'book antiqua', palatino;\"><strong>\u00a0 \u00a0 * PAMIES, LAURA<\/strong><\/span><\/p>\n<p><span style=\"font-family: 'book antiqua', palatino;\" data-mce-mark=\"1\"><strong>\u00a0 \u00a0\u00a0<\/strong><\/span><span style=\"font-family: 'book antiqua', palatino;\" data-mce-mark=\"1\"><strong>* P\u00c9REZ, MAGAL\u00cd<\/strong><\/span><\/p>\n<p><span style=\"font-family: 'book antiqua', palatino;\" data-mce-mark=\"1\"><strong>\u00a0\u00a0<\/strong><\/span><span style=\"font-family: 'book antiqua', palatino;\"><strong>\u00a0 * PEREZ, SUSANA<\/strong><\/span><\/p>\n<p><span style=\"font-family: 'book antiqua', palatino;\"><strong>\u00a0 \u00a0\u00a0<\/strong><\/span><span style=\"font-family: 'book antiqua', palatino;\"><strong>* RADLOVACHKY, SANDRA\u00a0<\/strong><\/span><\/p>\n<p><span style=\"font-family: 'book antiqua', palatino;\"><strong>\u00a0 \u00a0 * RIVAS, ALDO<\/strong><\/span><\/p>\n<p><span style=\"font-family: 'book antiqua', palatino;\"><strong>\u00a0\u00a0<\/strong><\/span><span style=\"font-family: 'book antiqua', palatino;\"><strong>\u00a0 * RIVAS, NOELIA<\/strong><\/span><\/p>\n<p><span style=\"font-family: 'book antiqua', palatino;\"><strong>\u00a0 \u00a0\u00a0<\/strong><\/span><span style=\"font-family: 'book antiqua', palatino;\"><strong>* RUIZ, RUB\u00c9N<\/strong><\/span><\/p>\n<p><span style=\"font-family: 'book antiqua', palatino;\"><strong>\u00a0 \u00a0\u00a0<\/strong><\/span><span style=\"font-family: 'book antiqua', palatino;\"><strong>* SARAVIA, ALDO<\/strong><\/span><\/p>\n<p><span style=\"font-family: 'book antiqua', palatino;\"><strong>\u00a0\u00a0<\/strong><\/span><span style=\"font-family: 'book antiqua', palatino;\"><strong>\u00a0\u00a0<\/strong><\/span><span style=\"font-family: 'book antiqua', palatino;\"><strong>* SILVA, MAR\u00cdA DE LUJ\u00c1N<\/strong><\/span><\/p>\n<p><span style=\"font-family: 'book antiqua', palatino;\"><strong>\u00a0\u00a0\u00a0 * SILVESTRE, JUANA<\/strong><\/span><\/p>\n<p><span style=\"font-family: 'book antiqua', palatino;\"><strong>\u00a0 \u00a0\u00a0<\/strong><\/span><span style=\"font-family: 'book antiqua', palatino;\"><strong>* SILVESTRI, GERM\u00c1N<\/strong><\/span><\/p>\n<p><span style=\"font-family: 'book antiqua', palatino;\"><strong>\u00a0 \u00a0 * SILVESTRI, SILVANA<\/strong><\/span><\/p>\n<p><span style=\"font-family: 'book antiqua', palatino;\"><strong>\u00a0 \u00a0<\/strong><\/span><span style=\"font-family: 'book antiqua', palatino;\"><strong>\u00a0* SOTO, PAOLA<\/strong><\/span><\/p>\n<p><span style=\"font-family: 'book antiqua', palatino;\"><strong>\u00a0<\/strong><\/span><span style=\"font-family: 'book antiqua', palatino;\"><strong>\u00a0 \u00a0<\/strong><\/span><span style=\"font-family: 'book antiqua', palatino;\"><strong>* VALDEZ, JOHANA<\/strong><\/span><\/p>\n<p><span style=\"font-family: 'book antiqua', palatino;\"><strong>\u00a0 \u00a0<\/strong><\/span><span style=\"font-family: 'book antiqua', palatino;\"><strong>\u00a0* VEGA, CARLOS GIN\u00c9S<\/strong><\/span><\/p>\n<p><span style=\"font-family: 'book antiqua', palatino;\" data-mce-mark=\"1\"><strong>\u00a0\u00a0<\/strong><\/span><strong style=\"font-family: 'book antiqua', palatino;\">\u00a0\u00a0<\/strong><strong style=\"font-family: 'book antiqua', palatino;\">* ZARZA, YAMILA<\/strong><\/p>\n<p><span style=\"font-family: 'book antiqua', palatino;\" data-mce-mark=\"1\"><strong>\u00a0<\/strong><\/span><\/p>\n<p>&nbsp;<\/p>\n<p>&nbsp;<\/p>\n<p><span style=\"font-family: 'book antiqua', palatino;\"><strong>ADMINISTRADOR DE RED:<\/strong><\/span><\/p>\n<p><span style=\"font-family: 'book antiqua', palatino;\"><strong>\u00a0\u00a0\u00a0 * SILVESTRI, GERM\u00c1N<\/strong><\/span><\/p>\n<p><span style=\"font-family: 'book antiqua', palatino;\"><strong>\u00a0\u00a0\u00a0<\/strong><\/span><\/p>\n<p><span style=\"font-family: 'book antiqua', palatino;\"><strong>\u00a0BIBLIOTECARIOS: \u00a0<\/strong>\u00a0\u00a0<\/span><\/p>\n<p><span style=\"font-family: 'book antiqua', palatino;\">\u00a0 \u00a0 *\u00a0<strong>ALVAREZ, NORBERTO OSVALDO<\/strong><\/span><\/p>\n<p><span style=\"font-family: 'book antiqua', palatino;\"><strong>\u00a0 \u00a0 * G\u00d3MEZ, RUB\u00c9N \u00c1NGEL<\/strong><\/span><\/p>\n<p><span style=\"font-family: 'book antiqua', palatino;\"><strong>\u00a0 \u00a0\u00a0<\/strong><\/span><\/p>\n<p>&nbsp;<\/p>\n<p>&nbsp;<\/p>\n","protected":false},"excerpt":{"rendered":"<p>\u00a0DOCENTES DE LA INSTITUCI\u00d3N: \u00a0 \u00a0\u00a0* ACOSTA, GRACIELA DEL CARMEN \u00a0 \u00a0 * ACHIPO\u00d1AK, D\u00c9BORA \u00a0 \u00a0 * AGUIRRE, ELBA \u00a0 \u00a0 * ALEGRE, GRACIELA \u00a0 \u00a0 *\u00a0ALEGRE, PAOLA\u00a0EVELIN\u00a0 \u00a0 \u00a0 \u00a0 * ALVAREZ, ROMINA \u00a0 \u00a0 * ALVAREZ, VANESA \u00a0 \u00a0 * AROCHA, CARMEN \u00a0\u00a0\u00a0\u00a0* BERNARD, FERNANDO \u00a0 \u00a0\u00a0* BOGAR\u00cdN, JOS\u00c9 LUIS \u00a0\u00a0\u00a0 * &#8230; <a title=\"Docentes de la Instituci\u00f3n\" class=\"read-more\" href=\"https:\/\/inspampadelindio-cha.infd.edu.ar\/sitio\/docentes-de-la-institucion\/\" aria-label=\"More on Docentes de la Instituci\u00f3n\">[+]<\/a><\/p>\n","protected":false},"author":187,"featured_media":0,"parent":0,"menu_order":0,"comment_status":"closed","ping_status":"closed","template":"","meta":[],"acf":[],"_links":{"self":[{"href":"https:\/\/inspampadelindio-cha.infd.edu.ar\/sitio\/wp-json\/wp\/v2\/pages\/1012"}],"collection":[{"href":"https:\/\/inspampadelindio-cha.infd.edu.ar\/sitio\/wp-json\/wp\/v2\/pages"}],"about":[{"href":"https:\/\/inspampadelindio-cha.infd.edu.ar\/sitio\/wp-json\/wp\/v2\/types\/page"}],"author":[{"embeddable":true,"href":"https:\/\/inspampadelindio-cha.infd.edu.ar\/sitio\/wp-json\/wp\/v2\/users\/187"}],"replies":[{"embeddable":true,"href":"https:\/\/inspampadelindio-cha.infd.edu.ar\/sitio\/wp-json\/wp\/v2\/comments?post=1012"}],"version-history":[{"count":4,"href":"https:\/\/inspampadelindio-cha.infd.edu.ar\/sitio\/wp-json\/wp\/v2\/pages\/1012\/revisions"}],"predecessor-version":[{"id":1340,"href":"https:\/\/inspampadelindio-cha.infd.edu.ar\/sitio\/wp-json\/wp\/v2\/pages\/1012\/revisions\/1340"}],"wp:attachment":[{"href":"https:\/\/inspampadelindio-cha.infd.edu.ar\/sitio\/wp-json\/wp\/v2\/media?parent=1012"}],"curies":[{"name":"wp","href":"https:\/\/api.w.org\/{rel}","templated":true}]}}