{"id":1029,"date":"2018-08-30T16:24:24","date_gmt":"2018-08-30T19:24:24","guid":{"rendered":"https:\/\/inspampadelindio-cha.infd.edu.ar\/sitio\/requisitos-de-ingreso-a-carreras\/"},"modified":"2021-03-20T11:21:27","modified_gmt":"2021-03-20T14:21:27","slug":"requisitos-de-ingreso-a-carreras","status":"publish","type":"page","link":"https:\/\/inspampadelindio-cha.infd.edu.ar\/sitio\/requisitos-de-ingreso-a-carreras\/","title":{"rendered":"Requisitos de ingreso a carreras Formaci\u00f3n Docente y T\u00e9cnicas 2021."},"content":{"rendered":"<p><span style=\"font-size: 10pt; font-family: times new roman,times;\"><strong><span style=\"font-size: 12pt;\">REQUISITOS DE INGRESO:<\/span><\/strong><\/span><\/p>\n<p><span style=\"font-size: 12pt;\">\u00a0\u00a0<span style=\"line-height: 150%; font-family: Wingdings; mso-fareast-font-family: Wingdings; mso-bidi-font-family: Wingdings;\"><span style=\"mso-list: Ignore;\">\u00d8<span style=\"font-weight: normal; line-height: normal; font-style: normal; font-variant: normal;\">\u00a0\u00a0<\/span><\/span><\/span><span style=\"line-height: 150%; mso-fareast-font-family: Wingdings;\">Acreditar el T\u00edtulo de Nivel Medio, Polimodal o equivalente, de cualquier modalidad del Sistema Educativo o ser mayor de 25 a\u00f1os y aprobar el examen que establece la Ley Nacional de Educaci\u00f3n Superior N\u00ba 24.521\/95, Art. 7. Cumplimentar las exigencias establecidas por la Provincia del Chaco.<\/span><\/span><\/p>\n<p class=\"MsoNormal\"><span style=\"font-size: 12pt;\"><span style=\"line-height: 150%; font-family: Wingdings; mso-fareast-font-family: Wingdings; mso-bidi-font-family: Wingdings;\"><span style=\"mso-list: Ignore;\">\u00d8<span style=\"font-weight: normal; line-height: normal; font-style: normal; font-variant: normal;\">\u00a0\u00a0<\/span><\/span><\/span><span style=\"line-height: 150%;\">Acreditar asistencia y cumplimiento de las condiciones\u00a0\u00a0\u00a0 establecidas para el Taller de Ingreso \u201cDe la imagen profesional a la identidad profesional docente\u201d.<\/span><\/span><\/p>\n<p class=\"MsoNormal\"><span style=\"font-size: 12pt;\"><span style=\"line-height: 150%; font-family: Wingdings; mso-fareast-font-family: Wingdings; mso-bidi-font-family: Wingdings;\"><span style=\"mso-list: Ignore;\">\u00d8<span style=\"font-weight: normal; line-height: normal; font-style: normal; font-variant: normal;\">\u00a0\u00a0<\/span><\/span><\/span><span style=\"line-height: 150%;\">Presentaci\u00f3n del legajo personal conteniendo:<\/span><\/span><\/p>\n<p><span style=\"font-size: 12pt;\"><span style=\"line-height: 150%;\"><span style=\"mso-list: Ignore;\">\u00a0<\/span><\/span><\/span><span style=\"font-size: 12pt;\"><span style=\"line-height: 150%;\"><span style=\"mso-list: Ignore;\">\u00a0<\/span><\/span><\/span><span style=\"font-size: 12pt;\"><span style=\"line-height: 150%;\">\u00a0\u00a0\u00a0 &#8211;\u00a0\u00a0\u00a0 <strong><a href=\"https:\/\/inspampadelindio-cha.infd.edu.ar\/sitio\/wp-content\/uploads\/2018\/02\/SOLICITUD-DE-INSCRIPCI\u00d3N-a-Carreras-2021.pdf\">SOLICITUD DE INSCRIPCI\u00d3N a Carreras 2021<\/a> <\/strong><\/span><\/span><\/p>\n<p><span style=\"font-size: 12pt;\"><span style=\"line-height: 150%;\">\u00a0\u00a0\u00a0\u00a0\u00a0 &#8211;\u00a0\u00a0\u00a0 Fotocopia autenticada del <strong>T\u00edtulo de Nivel Secundario<\/strong> o similar, o<br \/>\n<\/span><\/span><\/p>\n<p><span style=\"font-size: 12pt;\"><span style=\"line-height: 150%;\">\u00a0\u00a0\u00a0\u00a0\u00a0 &#8211;\u00a0\u00a0\u00a0 <strong>Constancia de T\u00edtulo de Nivel Secundario<\/strong> en tr\u00e1mite<br \/>\n<\/span><\/span><\/p>\n<p class=\"MsoNormal\"><span style=\"font-size: 12pt;\"><span style=\"line-height: 150%;\">\u00a0\u00a0\u00a0\u00a0\u00a0 &#8211;\u00a0\u00a0\u00a0 1 Fotocopia autenticada de la <strong>Partida de nacimiento<\/strong>.<\/span><\/span><\/p>\n<p class=\"MsoNormal\"><span style=\"font-size: 12pt;\"><span style=\"line-height: 150%;\">\u00a0\u00a0\u00a0\u00a0\u00a0 &#8211;\u00a0\u00a0\u00a0 <strong>2<\/strong> fotocopias autenticadas del <strong>D.N.I.<\/strong> (1ra. y 2da. hoja)<\/span><\/span><\/p>\n<p class=\"MsoNormal\"><span style=\"font-size: 12pt;\"><span style=\"line-height: 150%;\">\u00a0\u00a0\u00a0\u00a0\u00a0 &#8211;\u00a0\u00a0\u00a0 <strong>2 fotos 4 x 4<\/strong> color<\/span><\/span><\/p>\n<p class=\"MsoNormal\"><span style=\"font-size: 12pt;\"><span style=\"line-height: 150%;\">\u00a0\u00a0\u00a0\u00a0\u00a0 &#8211;\u00a0\u00a0\u00a0 Certificado de <strong>aptitud psico &#8211; f\u00edsica <\/strong><\/span><\/span><\/p>\n<p class=\"MsoNormal\"><span style=\"font-size: 12pt;\"><span style=\"line-height: 150%;\">\u00a0\u00a0\u00a0\u00a0\u00a0 &#8211;\u00a0\u00a0\u00a0 Fotocopia del <strong>CUIL<\/strong><br \/>\n<\/span><\/span><\/p>\n<p>\u00a0\u00a0\u00a0\u00a0\u00a0<span style=\"font-size: 12pt;\">\u00a0 &#8211;\u00a0\u00a0\u00a0 Fotocopia de <a title=\"Reg\u00edmenes de Cursada y Evaluaci\u00f3n\" href=\"upload\/REGIMENES_DE_CURSADA_Y_EVALUACION.docx\" target=\"_blank\" rel=\"noopener\">\u00abReg\u00edmenes de cursada y evaluaci\u00f3n\u00bb<\/a><\/span><\/p>\n<p><span style=\"font-size: 12pt;\">\u00a0\u00a0\u00a0\u00a0\u00a0 &#8211;\u00a0\u00a0\u00a0 Fotocopia del R\u00e9gimen de correlatividades de la carrera en la\u00a0\u00a0\u00a0 que se inscribe. (<a title=\"Reg. Correlatividades N\u00ba 8260 #AP#Prof. Biolog\u00eda y Geograf\u00eda#CP#\" href=\"upload\/Resolucion_N8260.docx\" target=\"_blank\" rel=\"noopener\">Prof. Biolog\u00eda y Geograf\u00eda<\/a>, <a title=\"R\u00e9gimen de Correlatividades Prof. Educ. Primaria - Resol. N\u00ba8801\" href=\"upload\/Resol._N8801Correlatividades_Prof._Educ._Primaria.docx\" target=\"_blank\" rel=\"noopener\">Prof. para Educ. Primaria<\/a>)<\/span><\/p>\n<p><span style=\"font-size: 12pt;\">\u00a0\u00a0\u00a0\u00a0\u00a0\u00a0\u00a0\u00a0\u00a0\u00a0\u00a0 A\u00fan no se cuenta con los reg\u00edmenes de correlatividades de las nuevas Tecnicaturas.<br \/>\n<\/span><\/p>\n<p><span style=\"font-size: 12pt;\">\u00a0\u00a0\u00a0\u00a0\u00a0\u00a0 &#8211;\u00a0\u00a0 1 C<strong>arpeta colgante<\/strong><\/span><\/p>\n<p><span style=\"font-size: 12pt;\">\u00a0\u00a0\u00a0\u00a0\u00a0\u00a0 &#8211;\u00a0\u00a0 1 F<strong>olio tama\u00f1o oficio<\/strong><\/span><\/p>\n<p>&nbsp;<\/p>\n<p><span style=\"font-size: 12pt;\">Adem\u00e1s para los estudiantes ingresantes al Profesorado de Educaci\u00f3n Superior en Educaci\u00f3n F\u00edsica:<\/span><\/p>\n<p><span style=\"font-size: 12pt;\">\u00a0 \u00a0 \u00a0 \u00a0 &#8211; \u00a0 Ficha de ex\u00e1menes m\u00e9dicos-\u00a0<a href=\"https:\/\/inspampadelindio-cha.infd.edu.ar\/sitio\/wp-content\/uploads\/2021\/03\/Estudios_Medicos-2021.pdf\">Estudios_Medicos 2021<\/a><\/span><\/p>\n<p><span style=\"font-size: 12pt;\">\u00a0 \u00a0 \u00a0 \u00a0 &#8211; \u00a0 Declaraci\u00f3n jurada del alumno-\u00a0<a href=\"https:\/\/inspampadelindio-cha.infd.edu.ar\/sitio\/wp-content\/uploads\/2021\/03\/Anexo-Declaracion-Jurada-Alumno-2021.pdf\">Anexo- Declaracion Jurada Alumno 2021<\/a><\/span><\/p>\n<p>*********************<\/p>\n<h2>En el instituto se asesora para completar formulario de la Beca Nacional PROGRESAR.<\/h2>\n<p>Consultar con el Coordinador Institucional de Pol\u00edticas Estudiantiles, Prof. Dami\u00e1n Medina.<\/p>\n","protected":false},"excerpt":{"rendered":"<p>REQUISITOS DE INGRESO: \u00a0\u00a0\u00d8\u00a0\u00a0Acreditar el T\u00edtulo de Nivel Medio, Polimodal o equivalente, de cualquier modalidad del Sistema Educativo o ser mayor de 25 a\u00f1os y aprobar el examen que establece la Ley Nacional de Educaci\u00f3n Superior N\u00ba 24.521\/95, Art. 7. Cumplimentar las exigencias establecidas por la Provincia del Chaco. \u00d8\u00a0\u00a0Acreditar asistencia y cumplimiento de las &#8230; <a title=\"Requisitos de ingreso a carreras Formaci\u00f3n Docente y T\u00e9cnicas 2021.\" class=\"read-more\" href=\"https:\/\/inspampadelindio-cha.infd.edu.ar\/sitio\/requisitos-de-ingreso-a-carreras\/\" aria-label=\"More on Requisitos de ingreso a carreras Formaci\u00f3n Docente y T\u00e9cnicas 2021.\">[+]<\/a><\/p>\n","protected":false},"author":187,"featured_media":0,"parent":0,"menu_order":0,"comment_status":"closed","ping_status":"closed","template":"","meta":[],"acf":[],"_links":{"self":[{"href":"https:\/\/inspampadelindio-cha.infd.edu.ar\/sitio\/wp-json\/wp\/v2\/pages\/1029"}],"collection":[{"href":"https:\/\/inspampadelindio-cha.infd.edu.ar\/sitio\/wp-json\/wp\/v2\/pages"}],"about":[{"href":"https:\/\/inspampadelindio-cha.infd.edu.ar\/sitio\/wp-json\/wp\/v2\/types\/page"}],"author":[{"embeddable":true,"href":"https:\/\/inspampadelindio-cha.infd.edu.ar\/sitio\/wp-json\/wp\/v2\/users\/187"}],"replies":[{"embeddable":true,"href":"https:\/\/inspampadelindio-cha.infd.edu.ar\/sitio\/wp-json\/wp\/v2\/comments?post=1029"}],"version-history":[{"count":3,"href":"https:\/\/inspampadelindio-cha.infd.edu.ar\/sitio\/wp-json\/wp\/v2\/pages\/1029\/revisions"}],"predecessor-version":[{"id":1337,"href":"https:\/\/inspampadelindio-cha.infd.edu.ar\/sitio\/wp-json\/wp\/v2\/pages\/1029\/revisions\/1337"}],"wp:attachment":[{"href":"https:\/\/inspampadelindio-cha.infd.edu.ar\/sitio\/wp-json\/wp\/v2\/media?parent=1029"}],"curies":[{"name":"wp","href":"https:\/\/api.w.org\/{rel}","templated":true}]}}