{"id":1056,"date":"2018-08-30T16:24:36","date_gmt":"2018-08-30T19:24:36","guid":{"rendered":"https:\/\/inspampadelindio-cha.infd.edu.ar\/sitio\/plan-de-estudios-6\/"},"modified":"2020-04-01T19:54:01","modified_gmt":"2020-04-01T22:54:01","slug":"plan-de-estudios-6","status":"publish","type":"page","link":"https:\/\/inspampadelindio-cha.infd.edu.ar\/sitio\/plan-de-estudios-6\/","title":{"rendered":"Plan de Estudios EIB Primaria 2011"},"content":{"rendered":"<p>&nbsp;<\/p>\n<table border=\"1\" width=\"500\" cellspacing=\"0\" cellpadding=\"0\">\n<tbody>\n<tr>\n<td width=\"62%\">\n<table style=\"height: 130px;\" border=\"1\" width=\"606\" cellspacing=\"0\" cellpadding=\"0\">\n<tbody>\n<tr>\n<td width=\"100%\">\n<p style=\"text-align: center;\"><strong>PLAN DE ESTUDIO APROBADO POR RES. N\u00ba\u00a0 (EN TR\u00c1MITE).<\/strong><\/p>\n<p style=\"text-align: center;\"><strong>\u00a0<\/strong><\/p>\n<\/td>\n<\/tr>\n<\/tbody>\n<\/table>\n<\/td>\n<td width=\"11%\"><\/td>\n<\/tr>\n<\/tbody>\n<\/table>\n<p>&nbsp;<\/p>\n<table border=\"1\" width=\"511\" cellspacing=\"0\" cellpadding=\"0\">\n<tbody>\n<tr>\n<td style=\"text-align: center;\" width=\"18%\"><strong>CAMPOS<\/strong><\/td>\n<td style=\"text-align: center;\" width=\"49%\"><strong>\u00a0PRIMER A\u00d1O\u00a0<\/strong><\/td>\n<td style=\"text-align: center;\" width=\"11%\"><strong>\u00a0Anual<\/strong><\/td>\n<td style=\"text-align: center;\" width=\"10%\"><strong><sup>\u00a0<\/sup><\/strong><strong>Cuatr.<\/strong><\/td>\n<td style=\"text-align: center;\" width=\"10%\"><strong>Hs. C\u00e1t. Sem.<\/strong><\/td>\n<\/tr>\n<tr>\n<td rowspan=\"2\" width=\"18%\">FORMACI\u00d3N GENERAL<\/td>\n<td width=\"49%\">\u00a0Did\u00e1ctica General<\/td>\n<td style=\"text-align: center;\" width=\"11%\">X<\/td>\n<td style=\"text-align: center;\" width=\"10%\"><\/td>\n<td style=\"text-align: center;\" width=\"10%\">4 hs.<\/td>\n<\/tr>\n<tr>\n<td width=\"49%\">\u00a0Alfabetizaci\u00f3n Acad\u00e9mica<\/td>\n<td style=\"text-align: center;\" width=\"11%\">X<\/td>\n<td style=\"text-align: center;\" width=\"10%\"><\/td>\n<td style=\"text-align: center;\" width=\"10%\">3\u00a0hs.<\/td>\n<\/tr>\n<tr>\n<td rowspan=\"5\" width=\"18%\">FORMACI\u00d3N ESPEC\u00cdFICA<\/td>\n<td width=\"49%\">\u00a0Lengua Qom I<\/td>\n<td style=\"text-align: center;\" width=\"11%\">X<\/td>\n<td style=\"text-align: center;\" width=\"10%\"><\/td>\n<td style=\"text-align: center;\" width=\"10%\">5 hs.<\/td>\n<\/tr>\n<tr>\n<td width=\"49%\">\u00a0Lengua Espa\u00f1ola<\/td>\n<td style=\"text-align: center;\" width=\"11%\">X<\/td>\n<td style=\"text-align: center;\" width=\"10%\"><\/td>\n<td style=\"text-align: center;\" width=\"10%\">5 hs.<\/td>\n<\/tr>\n<tr>\n<td width=\"49%\">\u00a0Matem\u00e1tica<\/td>\n<td style=\"text-align: center;\" width=\"11%\">X<\/td>\n<td style=\"text-align: center;\" width=\"10%\"><\/td>\n<td style=\"text-align: center;\" width=\"10%\">6 hs.<\/td>\n<\/tr>\n<tr>\n<td width=\"49%\">\u00a0Ciencias Sociales<\/td>\n<td style=\"text-align: center;\" width=\"11%\">X<\/td>\n<td style=\"text-align: center;\" width=\"10%\"><\/td>\n<td style=\"text-align: center;\" width=\"10%\">5 hs.<\/td>\n<\/tr>\n<tr>\n<td width=\"49%\">\u00a0Sujetos de la Educaci\u00f3n Primaria<\/td>\n<td style=\"text-align: center;\" width=\"11%\">X<\/td>\n<td style=\"text-align: center;\" width=\"10%\"><\/td>\n<td style=\"text-align: center;\" width=\"10%\">6 hs.<\/td>\n<\/tr>\n<tr>\n<td rowspan=\"3\" width=\"18%\">\u00a0LAS PR\u00c1CTICAS<\/td>\n<td width=\"49%\">\u00a0Taller: M\u00e9todos y T\u00e9cnicas de recolecci\u00f3n y \u00a0an\u00e1lisis de informaci\u00f3n en contextos \u00a0escolares de EIB<\/td>\n<td style=\"text-align: center;\" width=\"11%\"><\/td>\n<td style=\"text-align: center;\" width=\"10%\">X<\/td>\n<td style=\"text-align: center;\" width=\"10%\">3\u00a0hs.<\/td>\n<\/tr>\n<tr>\n<td width=\"49%\">\u00a0Taller: Las Instituciones Educativas en \u00a0contextos de EIB<\/td>\n<td style=\"text-align: center;\" width=\"11%\"><\/td>\n<td style=\"text-align: center;\" width=\"10%\">X<\/td>\n<td style=\"text-align: center;\" width=\"10%\">3\u00a0hs.<\/td>\n<\/tr>\n<tr>\n<td width=\"49%\">\u00a0Pr\u00e1ctica I: Contextos Escolares \u00a0 \u00a0interculturales biling\u00fces<\/td>\n<td style=\"text-align: center;\" width=\"11%\">X<\/td>\n<td style=\"text-align: center;\" width=\"10%\"><\/td>\n<td style=\"text-align: center;\" width=\"10%\">4\u00a0hs.<\/td>\n<\/tr>\n<tr>\n<td style=\"text-align: center;\" width=\"18%\"><strong>CAMPOS<\/strong><\/td>\n<td style=\"text-align: center;\" width=\"49%\"><strong>SEGUNDO A\u00d1O<\/strong><\/td>\n<td style=\"text-align: center;\" width=\"11%\"><strong>Anual<\/strong><\/td>\n<td style=\"text-align: center;\" width=\"10%\"><strong>Cuatr.<\/strong><\/td>\n<td style=\"text-align: center;\" width=\"10%\"><strong>Hs. C\u00e1t. Sem.<\/strong><\/td>\n<\/tr>\n<tr>\n<td rowspan=\"3\" width=\"18%\">FORMACI\u00d3N GENERAL<\/td>\n<td width=\"49%\">\u00a0Sociolog\u00eda de la Educaci\u00f3n<\/td>\n<td style=\"text-align: center;\" width=\"11%\"><\/td>\n<td style=\"text-align: center;\" width=\"10%\">X<\/td>\n<td style=\"text-align: center;\" width=\"10%\">4\u00a0hs.<\/td>\n<\/tr>\n<tr>\n<td width=\"49%\">\u00a0Historia Argentina y Latinoamericana<\/td>\n<td style=\"text-align: center;\" width=\"11%\"><\/td>\n<td style=\"text-align: center;\" width=\"10%\">X<\/td>\n<td style=\"text-align: center;\" width=\"10%\">4\u00a0hs.<\/td>\n<\/tr>\n<tr>\n<td width=\"49%\">\u00a0Pedagog\u00eda<\/td>\n<td style=\"text-align: center;\" width=\"11%\"><\/td>\n<td style=\"text-align: center;\" width=\"10%\">X<\/td>\n<td style=\"text-align: center;\" width=\"10%\">4 hs.<\/td>\n<\/tr>\n<tr>\n<td rowspan=\"6\" width=\"18%\">FORMACI\u00d3N ESPEC\u00cdFICA<\/td>\n<td width=\"49%\">\u00a0Lengua y\u00a0 Literatura Qom II<\/td>\n<td style=\"text-align: center;\" width=\"11%\">X<\/td>\n<td style=\"text-align: center;\" width=\"10%\"><\/td>\n<td style=\"text-align: center;\" width=\"10%\">5 hs.<\/td>\n<\/tr>\n<tr>\n<td width=\"49%\">\u00a0Literatura Espa\u00f1ola<\/td>\n<td style=\"text-align: center;\" width=\"11%\">X<\/td>\n<td style=\"text-align: center;\" width=\"10%\"><\/td>\n<td style=\"text-align: center;\" width=\"10%\">5 hs.<\/td>\n<\/tr>\n<tr>\n<td width=\"49%\">\u00a0Sistema Educativo y Legislaci\u00f3n Ind\u00edgena<\/td>\n<td style=\"text-align: center;\" width=\"11%\"><\/td>\n<td style=\"text-align: center;\" width=\"10%\">X<\/td>\n<td style=\"text-align: center;\" width=\"10%\">4 hs.<\/td>\n<\/tr>\n<tr>\n<td width=\"49%\">\u00a0Did\u00e1ctica de las ciencias Sociales<\/td>\n<td style=\"text-align: center;\" width=\"11%\">X<\/td>\n<td style=\"text-align: center;\" width=\"10%\"><\/td>\n<td style=\"text-align: center;\" width=\"10%\">5 hs.<\/td>\n<\/tr>\n<tr>\n<td width=\"49%\">\u00a0Did\u00e1ctica de la Matem\u00e1tica<\/td>\n<td style=\"text-align: center;\" width=\"11%\">X<\/td>\n<td style=\"text-align: center;\" width=\"10%\"><\/td>\n<td style=\"text-align: center;\" width=\"10%\">5 hs.<\/td>\n<\/tr>\n<tr>\n<td width=\"49%\">\u00a0Ciencias Naturales<\/td>\n<td style=\"text-align: center;\" width=\"11%\">X<\/td>\n<td style=\"text-align: center;\" width=\"10%\"><\/td>\n<td style=\"text-align: center;\" width=\"10%\">5 hs.<\/td>\n<\/tr>\n<tr>\n<td rowspan=\"3\" width=\"18%\">LAS PR\u00c1CTICAS<\/td>\n<td width=\"49%\">\u00a0Taller: Curr\u00edculo y organizaci\u00f3n escolar<\/td>\n<td style=\"text-align: center;\" width=\"11%\">X<\/td>\n<td style=\"text-align: center;\" width=\"10%\"><\/td>\n<td style=\"text-align: center;\" width=\"10%\">4 hs.<\/td>\n<\/tr>\n<tr>\n<td width=\"49%\">\u00a0Taller: Programaci\u00f3n de la ense\u00f1anza y \u00a0gesti\u00f3n de\u00a0\u00a0 la Clase en las instituciones de \u00a0EIB<\/td>\n<td style=\"text-align: center;\" width=\"11%\"><\/td>\n<td style=\"text-align: center;\" width=\"10%\">X<\/td>\n<td style=\"text-align: center;\" width=\"10%\">3 hs.<\/td>\n<\/tr>\n<tr>\n<td width=\"49%\">\u00a0Pr\u00e1ctica II: El aula y la pr\u00e1ctica pedag\u00f3gica en EIB<\/td>\n<td style=\"text-align: center;\" width=\"11%\">X<\/td>\n<td style=\"text-align: center;\" width=\"10%\"><\/td>\n<td style=\"text-align: center;\" width=\"10%\">4 hs.<\/td>\n<\/tr>\n<tr>\n<td style=\"text-align: center;\" width=\"18%\"><strong>CAMPOS<\/strong><\/td>\n<td style=\"text-align: center;\" width=\"49%\">\u00a0<strong>TERCER A\u00d1O<\/strong><\/td>\n<td style=\"text-align: center;\" width=\"11%\"><strong>Anual<\/strong><\/td>\n<td style=\"text-align: center;\" width=\"10%\"><strong>Cuatr.<\/strong><\/td>\n<td style=\"text-align: center;\" width=\"10%\"><strong>Hs. C\u00e1t. Sem.<\/strong><\/td>\n<\/tr>\n<tr>\n<td width=\"18%\">FORMACI\u00d3N GENERAL<\/td>\n<td width=\"49%\">\u00a0Tecnolog\u00eda de la Informaci\u00f3n y la \u00a0 \u00a0Comunicaci\u00f3n<\/td>\n<td style=\"text-align: center;\" width=\"11%\"><\/td>\n<td style=\"text-align: center;\" width=\"10%\">X<\/td>\n<td style=\"text-align: center;\" width=\"10%\">4 hs.<\/td>\n<\/tr>\n<tr>\n<td rowspan=\"5\" width=\"18%\">FORMACI\u00d3N ESPEC\u00cdFICA<\/td>\n<td width=\"49%\">\u00a0Did\u00e1ctica de la Lengua Qom<\/td>\n<td style=\"text-align: center;\" width=\"11%\">X<\/td>\n<td style=\"text-align: center;\" width=\"10%\"><\/td>\n<td style=\"text-align: center;\" width=\"10%\">5 hs.<\/td>\n<\/tr>\n<tr>\n<td width=\"49%\">\u00a0Did\u00e1ctica de la Lengua Espa\u00f1ola<\/td>\n<td style=\"text-align: center;\" width=\"11%\">X<\/td>\n<td style=\"text-align: center;\" width=\"10%\"><\/td>\n<td style=\"text-align: center;\" width=\"10%\">5 hs.<\/td>\n<\/tr>\n<tr>\n<td width=\"49%\">\u00a0Did\u00e1ctica de las Ciencias Naturales<\/td>\n<td style=\"text-align: center;\" width=\"11%\">X<\/td>\n<td style=\"text-align: center;\" width=\"10%\"><\/td>\n<td style=\"text-align: center;\" width=\"10%\">4 hs.<\/td>\n<\/tr>\n<tr>\n<td width=\"49%\">\u00a0Alfabetizaci\u00f3n Inicial<\/td>\n<td style=\"text-align: center;\" width=\"11%\"><\/td>\n<td style=\"text-align: center;\" width=\"10%\">X<\/td>\n<td style=\"text-align: center;\" width=\"10%\">4 hs.<\/td>\n<\/tr>\n<tr>\n<td width=\"49%\">\u00a0Identidad e interculturalidad en contextos \u00a0de EIB<\/td>\n<td style=\"text-align: center;\" width=\"11%\"><\/td>\n<td style=\"text-align: center;\" width=\"10%\">X<\/td>\n<td style=\"text-align: center;\" width=\"10%\">4 hs.<\/td>\n<\/tr>\n<tr>\n<td rowspan=\"3\" width=\"18%\">LAS PR\u00c1CTICAS<\/td>\n<td width=\"49%\">\u00a0Taller: Elaboraci\u00f3n de material did\u00e1ctico \u00a0para la EIB<\/td>\n<td style=\"text-align: center;\" width=\"11%\"><\/td>\n<td style=\"text-align: center;\" width=\"10%\">X<\/td>\n<td style=\"text-align: center;\" width=\"10%\">4 hs.<\/td>\n<\/tr>\n<tr>\n<td width=\"49%\">\u00a0Taller: Evaluaci\u00f3n de los aprendizajes<\/td>\n<td style=\"text-align: center;\" width=\"11%\"><\/td>\n<td style=\"text-align: center;\" width=\"10%\">X<\/td>\n<td style=\"text-align: center;\" width=\"10%\">3 hs.<\/td>\n<\/tr>\n<tr>\n<td width=\"49%\">\u00a0Pr\u00e1ctica III: El aula como \u00e1mbito vincular en \u00a0contextos escolares de EIB<\/td>\n<td style=\"text-align: center;\" width=\"11%\">X<\/td>\n<td style=\"text-align: center;\" width=\"10%\"><\/td>\n<td style=\"text-align: center;\" width=\"10%\">4 hs.<\/td>\n<\/tr>\n<tr>\n<td style=\"text-align: center;\" width=\"18%\"><strong>CAMPOS<\/strong><\/td>\n<td style=\"text-align: center;\" width=\"49%\">\u00a0<strong>CUARTO A\u00d1O<\/strong><\/td>\n<td style=\"text-align: center;\" width=\"11%\"><strong>Anual<\/strong><\/td>\n<td style=\"text-align: center;\" width=\"10%\"><strong>Cuatr.<\/strong><\/td>\n<td style=\"text-align: center;\" width=\"10%\"><strong>Hs. C\u00e1t. Sem.<\/strong><\/td>\n<\/tr>\n<tr>\n<td rowspan=\"4\" width=\"18%\">FORMACI\u00d3N GENERAL<\/td>\n<td width=\"49%\">\u00a0Formaci\u00f3n \u00c9tica y Ciudadana<\/td>\n<td style=\"text-align: center;\" width=\"11%\"><\/td>\n<td style=\"text-align: center;\" width=\"10%\">X<\/td>\n<td style=\"text-align: center;\" width=\"10%\">4 hs.<\/td>\n<\/tr>\n<tr>\n<td width=\"49%\">\u00a0Educaci\u00f3n Sexual Integral<\/td>\n<td style=\"text-align: center;\" width=\"11%\"><\/td>\n<td style=\"text-align: center;\" width=\"10%\">X<\/td>\n<td style=\"text-align: center;\" width=\"10%\">3 hs.<\/td>\n<\/tr>\n<tr>\n<td width=\"49%\">\u00a0Historia del Gran Chaco antes y despu\u00e9s de \u00a0la conquista<\/td>\n<td style=\"text-align: center;\" width=\"11%\"><\/td>\n<td style=\"text-align: center;\" width=\"10%\">X<\/td>\n<td style=\"text-align: center;\" width=\"10%\">4 hs.<\/td>\n<\/tr>\n<tr>\n<td width=\"49%\">\u00a0Expresi\u00f3n Corporal<\/td>\n<td style=\"text-align: center;\" width=\"11%\"><\/td>\n<td style=\"text-align: center;\" width=\"10%\">X<\/td>\n<td style=\"text-align: center;\" width=\"10%\">4 hs.<\/td>\n<\/tr>\n<tr>\n<td rowspan=\"2\" width=\"18%\">FORMACI\u00d3N ESPEC\u00cdFICA<\/td>\n<td width=\"49%\">\u00a0Arte Ind\u00edgena<\/td>\n<td style=\"text-align: center;\" width=\"11%\"><\/td>\n<td style=\"text-align: center;\" width=\"10%\">X<\/td>\n<td style=\"text-align: center;\" width=\"10%\">4 hs.<\/td>\n<\/tr>\n<tr>\n<td width=\"49%\">\u00a0Cultura y Cosmovisi\u00f3n Qom<\/td>\n<td style=\"text-align: center;\" width=\"11%\"><\/td>\n<td style=\"text-align: center;\" width=\"10%\">X<\/td>\n<td style=\"text-align: center;\" width=\"10%\">4 hs.<\/td>\n<\/tr>\n<tr>\n<td rowspan=\"2\" width=\"18%\">LAS PR\u00c1CTICAS<\/td>\n<td width=\"49%\">\u00a0Taller: Sistematizaci\u00f3n de experiencias en \u00a0EIB<\/td>\n<td style=\"text-align: center;\" width=\"11%\"><\/td>\n<td style=\"text-align: center;\" width=\"10%\">X<\/td>\n<td style=\"text-align: center;\" width=\"10%\">3 hs.<\/td>\n<\/tr>\n<tr>\n<td width=\"49%\">\u00a0Residencia Pedag\u00f3gica en EIB<\/td>\n<td style=\"text-align: center;\" width=\"11%\">X<\/td>\n<td style=\"text-align: center;\" width=\"10%\"><\/td>\n<td style=\"text-align: center;\" width=\"10%\">8 hs.<\/td>\n<\/tr>\n<\/tbody>\n<\/table>\n","protected":false},"excerpt":{"rendered":"<p>&nbsp; PLAN DE ESTUDIO APROBADO POR RES. N\u00ba\u00a0 (EN TR\u00c1MITE). \u00a0 &nbsp; CAMPOS \u00a0PRIMER A\u00d1O\u00a0 \u00a0Anual \u00a0Cuatr. Hs. C\u00e1t. Sem. FORMACI\u00d3N GENERAL \u00a0Did\u00e1ctica General X 4 hs. \u00a0Alfabetizaci\u00f3n Acad\u00e9mica X 3\u00a0hs. FORMACI\u00d3N ESPEC\u00cdFICA \u00a0Lengua Qom I X 5 hs. \u00a0Lengua Espa\u00f1ola X 5 hs. \u00a0Matem\u00e1tica X 6 hs. \u00a0Ciencias Sociales X 5 hs. \u00a0Sujetos de &#8230; <a title=\"Plan de Estudios EIB Primaria 2011\" class=\"read-more\" href=\"https:\/\/inspampadelindio-cha.infd.edu.ar\/sitio\/plan-de-estudios-6\/\" aria-label=\"More on Plan de Estudios EIB Primaria 2011\">[+]<\/a><\/p>\n","protected":false},"author":187,"featured_media":0,"parent":0,"menu_order":0,"comment_status":"closed","ping_status":"closed","template":"","meta":[],"acf":[],"_links":{"self":[{"href":"https:\/\/inspampadelindio-cha.infd.edu.ar\/sitio\/wp-json\/wp\/v2\/pages\/1056"}],"collection":[{"href":"https:\/\/inspampadelindio-cha.infd.edu.ar\/sitio\/wp-json\/wp\/v2\/pages"}],"about":[{"href":"https:\/\/inspampadelindio-cha.infd.edu.ar\/sitio\/wp-json\/wp\/v2\/types\/page"}],"author":[{"embeddable":true,"href":"https:\/\/inspampadelindio-cha.infd.edu.ar\/sitio\/wp-json\/wp\/v2\/users\/187"}],"replies":[{"embeddable":true,"href":"https:\/\/inspampadelindio-cha.infd.edu.ar\/sitio\/wp-json\/wp\/v2\/comments?post=1056"}],"version-history":[{"count":3,"href":"https:\/\/inspampadelindio-cha.infd.edu.ar\/sitio\/wp-json\/wp\/v2\/pages\/1056\/revisions"}],"predecessor-version":[{"id":1239,"href":"https:\/\/inspampadelindio-cha.infd.edu.ar\/sitio\/wp-json\/wp\/v2\/pages\/1056\/revisions\/1239"}],"wp:attachment":[{"href":"https:\/\/inspampadelindio-cha.infd.edu.ar\/sitio\/wp-json\/wp\/v2\/media?parent=1056"}],"curies":[{"name":"wp","href":"https:\/\/api.w.org\/{rel}","templated":true}]}}