{"id":1221,"date":"2020-04-01T01:01:14","date_gmt":"2020-04-01T04:01:14","guid":{"rendered":"https:\/\/inspampadelindio-cha.infd.edu.ar\/sitio\/?page_id=1221"},"modified":"2020-04-01T02:31:32","modified_gmt":"2020-04-01T05:31:32","slug":"estudios-medicos-del-profesorado-de-educacion-superior-en-educacion-fisica","status":"publish","type":"page","link":"https:\/\/inspampadelindio-cha.infd.edu.ar\/sitio\/ubicacion-geografica\/profesorado-de-educacion-superior-en-educacion-fisica\/estudios-medicos-del-profesorado-de-educacion-superior-en-educacion-fisica\/","title":{"rendered":"Estudios M\u00e9dicos del Profesorado de Educaci\u00f3n Superior en Educaci\u00f3n F\u00edsica."},"content":{"rendered":"<p><a href=\"https:\/\/inspampadelindio-cha.infd.edu.ar\/sitio\/wp-content\/uploads\/2020\/03\/Estudios_Medicos.pdf\">Estudios M\u00e9dicos. Prof. de Educ. Sup. en Educaci\u00f3n F\u00edsica.<\/a><\/p>\n<p><a href=\"https:\/\/inspampadelindio-cha.infd.edu.ar\/sitio\/wp-content\/uploads\/2020\/03\/Anexo_II_Declaracion_Jurada_alumno_1.pdf\">Anexo_II_Declaracion_Jurada_alumno_1<\/a><\/p>\n","protected":false},"excerpt":{"rendered":"<p>Estudios M\u00e9dicos. Prof. de Educ. Sup. en Educaci\u00f3n F\u00edsica. Anexo_II_Declaracion_Jurada_alumno_1<\/p>\n","protected":false},"author":187,"featured_media":0,"parent":997,"menu_order":0,"comment_status":"closed","ping_status":"closed","template":"","meta":[],"acf":[],"_links":{"self":[{"href":"https:\/\/inspampadelindio-cha.infd.edu.ar\/sitio\/wp-json\/wp\/v2\/pages\/1221"}],"collection":[{"href":"https:\/\/inspampadelindio-cha.infd.edu.ar\/sitio\/wp-json\/wp\/v2\/pages"}],"about":[{"href":"https:\/\/inspampadelindio-cha.infd.edu.ar\/sitio\/wp-json\/wp\/v2\/types\/page"}],"author":[{"embeddable":true,"href":"https:\/\/inspampadelindio-cha.infd.edu.ar\/sitio\/wp-json\/wp\/v2\/users\/187"}],"replies":[{"embeddable":true,"href":"https:\/\/inspampadelindio-cha.infd.edu.ar\/sitio\/wp-json\/wp\/v2\/comments?post=1221"}],"version-history":[{"count":4,"href":"https:\/\/inspampadelindio-cha.infd.edu.ar\/sitio\/wp-json\/wp\/v2\/pages\/1221\/revisions"}],"predecessor-version":[{"id":1226,"href":"https:\/\/inspampadelindio-cha.infd.edu.ar\/sitio\/wp-json\/wp\/v2\/pages\/1221\/revisions\/1226"}],"up":[{"embeddable":true,"href":"https:\/\/inspampadelindio-cha.infd.edu.ar\/sitio\/wp-json\/wp\/v2\/pages\/997"}],"wp:attachment":[{"href":"https:\/\/inspampadelindio-cha.infd.edu.ar\/sitio\/wp-json\/wp\/v2\/media?parent=1221"}],"curies":[{"name":"wp","href":"https:\/\/api.w.org\/{rel}","templated":true}]}}