{"id":286,"date":"2016-10-31T13:17:59","date_gmt":"2016-10-31T16:17:59","guid":{"rendered":"https:\/\/inspampadelindio-cha.infd.edu.ar\/sitio\/?page_id=286"},"modified":"2021-04-21T17:57:38","modified_gmt":"2021-04-21T20:57:38","slug":"inicio","status":"publish","type":"page","link":"https:\/\/inspampadelindio-cha.infd.edu.ar\/sitio\/","title":{"rendered":"contactenos"},"content":{"rendered":"<div id=\"metaslider-id-403\" style=\"width: 100%;\" class=\"ml-slider-3-33-0 metaslider metaslider-flex metaslider-403 ml-slider ms-theme-default\" role=\"region\" aria-roledescription=\"Slideshow\" aria-label=\"Slideshow\">\n    <div id=\"metaslider_container_403\">\n        <div id=\"metaslider_403\" class=\"flexslider\">\n            <ul aria-live=\"polite\" class=\"slides\">\n                <li style=\"display: block; width: 100%;\" class=\"slide-607 ms-image\" aria-roledescription=\"slide\" aria-label=\"slide-607\"><a href=\"https:\/\/mapa.infd.edu.ar\/\" target=\"_blank\"><img src=\"https:\/\/inspampadelindio-cha.infd.edu.ar\/sitio\/wp-content\/uploads\/2018\/06\/mapa_infd6-1100x200.png\" height=\"200\" width=\"1100\" alt=\"\" class=\"slider-403 slide-607\" title=\"mapa_infd6\" \/><\/a><\/li>\n                <li style=\"display: none; width: 100%;\" class=\"slide-609 ms-image\" aria-roledescription=\"slide\" aria-label=\"slide-609\"><a href=\"https:\/\/www.argentina.gob.ar\/educacion\/becas\" target=\"_blank\"><img src=\"https:\/\/inspampadelindio-cha.infd.edu.ar\/sitio\/wp-content\/uploads\/2018\/06\/becas7-1100x200.png\" height=\"200\" width=\"1100\" alt=\"\" class=\"slider-403 slide-609\" title=\"becas7\" \/><\/a><\/li>\n                <li style=\"display: none; width: 100%;\" class=\"slide-635 ms-image\" aria-roledescription=\"slide\" aria-label=\"slide-635\"><a href=\"https:\/\/www.argentina.gob.ar\/tema\/estudiar\/formacion-docencia\" target=\"_blank\"><img src=\"https:\/\/inspampadelindio-cha.infd.edu.ar\/sitio\/wp-content\/uploads\/2018\/06\/convocatorias_slide6-1-1100x200.png\" height=\"200\" width=\"1100\" alt=\"\" class=\"slider-403 slide-635\" title=\"convocatorias_slide6-1\" \/><\/a><\/li>\n            <\/ul>\n        <\/div>\n        \n    <\/div>\n<\/div>\n<table id=\"table1\" class=\"aligncenter\" style=\"width: 794px; text-align: center; height: 5324px;\" cellspacing=\"0\" cellpadding=\"10\">\n<tbody style=\"text-align: left;\">\n<tr style=\"text-align: left;\">\n<td style=\"border: 1px solid; text-align: justify;\">\n<p style=\"text-align: center;\"><strong>\u00a0<img decoding=\"async\" loading=\"lazy\" title=\"nueva fachada\" src=\"https:\/\/inspampadelindio-cha.infd.edu.ar\/sitio\/wp-content\/uploads\/2018\/08\/100_4055.jpg\" alt=\"nueva fachada\" width=\"455\" height=\"299\" border=\"0\" \/><\/strong><\/p>\n<p style=\"text-align: justify;\">\u00a0 \u00a0 \u00a0<span style=\"font-size: 10pt;\"> Este Instituto de Educaci\u00f3n Superior de Formaci\u00f3n Docente y T\u00e9cnica ubicado en la localidad Pampa del Indio, Provincia del Chaco,forma parte del sistema de educaci\u00f3n p\u00fablica de gesti\u00f3n estatal.<\/span><\/p>\n<p style=\"text-align: justify;\"><span style=\"font-size: 10pt;\">\u00a0 \u00a0 \u00a0 \u00a0 A trav\u00e9s de este sitio en Internet, nuestro Instituto comunicar\u00e1 novedades, acercar\u00e1 informaci\u00f3n, compartir\u00e1 experiencias y brindar\u00e1 apoyo y asesoramiento a\u00a0alumnos, docentes e interesados en formar parte de esta comunidad educativa.<\/span><\/p>\n<p style=\"text-align: center;\">\u00a0*******************<\/p>\n<p><span style=\"font-size: 10pt;\" data-mce-mark=\"1\">\u00a0 \u00a0 \u00a0 \u00a0 \u00a0 \u00a0 \u00a0 \u00a0 \u00a0 \u00a0 \u00a0 \u00a0 \u00a0 \u00a0 \u00a0 \u00a0 \u00a0 \u00a0 \u00a0<\/span><\/p>\n<div data-ft=\"{\">\n<div class=\"mtm\">\n<div class=\"_5cq3\" data-ft=\"{\">\n<div id=\"u_jsonp_4_1a\" class=\"uiScaledImageContainer _4-ep\"><\/div>\n<\/div>\n<\/div>\n<\/div>\n<div class=\"mtm plm _5pcm\">\n<div class=\"mtm _5pco\" data-ft=\"{\"><\/div>\n<\/div>\n<p style=\"text-align: center;\"><span style=\"font-size: 10pt;\"><strong>30\/05\/17 RENOVACI\u00d3N DE LOS MIEMBROS DE LA ASOCIACI\u00d3N COOPERADORA<\/strong><\/span><\/p>\n<p style=\"text-align: center;\"><span style=\"font-size: 10pt;\"><strong> DEL IES \u00a0DE PAMPA DEL INDIO<\/strong><\/span><\/p>\n<p style=\"text-align: center;\"><span style=\"font-size: 10pt;\"><strong>\u00a0<\/strong><\/span><\/p>\n<table style=\"width: 512px; height: 910px;\" border=\"1\" cellspacing=\"0\" cellpadding=\"0\">\n<tbody>\n<tr>\n<td style=\"text-align: center;\" width=\"130\"><strong>CARGO<\/strong><\/td>\n<td style=\"text-align: center;\" width=\"148\"><strong>APELLIDO Y NOMBRES<\/strong><\/td>\n<td style=\"text-align: center;\" width=\"112\"><strong>NRO. L.C., L.E., D.N.I.<\/strong><\/td>\n<td style=\"text-align: center;\" width=\"130\"><strong>VINCULO\/ROL (ALUMNO\u00a0 DOCENTE, etc.)<\/strong><\/td>\n<\/tr>\n<tr>\n<td valign=\"top\" width=\"130\">\u00a0Presidente<\/td>\n<td valign=\"top\" width=\"148\">\u00a0ESCOBAR, Sandro<\/td>\n<td style=\"text-align: center;\" valign=\"top\" width=\"112\">32.752.889<\/td>\n<td valign=\"top\" width=\"130\">\u00a0Alumno<\/td>\n<\/tr>\n<tr>\n<td valign=\"top\" width=\"130\">\u00a0Vicepresidente<\/td>\n<td valign=\"top\" width=\"148\">\u00a0LOVEY, Andr\u00e9s Erwin<\/td>\n<td style=\"text-align: center;\" valign=\"top\" width=\"112\">35.047.742<\/td>\n<td valign=\"top\" width=\"130\">\u00a0Profesor Asesor<\/td>\n<\/tr>\n<tr>\n<td valign=\"top\" width=\"130\">\u00a0Tesorero<\/td>\n<td valign=\"top\" width=\"148\">\u00a0GAUTO, Ver\u00f3nica<\/td>\n<td style=\"text-align: center;\" valign=\"top\" width=\"112\">28.858.003<\/td>\n<td valign=\"top\" width=\"130\">\u00a0Alumna<\/td>\n<\/tr>\n<tr>\n<td valign=\"top\" width=\"130\">\u00a0Pro tesorero<\/td>\n<td valign=\"top\" width=\"148\">\u00a0G\u00d3MEZ, Mario Alberto<\/td>\n<td style=\"text-align: center;\" valign=\"top\" width=\"112\">36.368.734<\/td>\n<td valign=\"top\" width=\"130\">\u00a0Profesor Asesor<\/td>\n<\/tr>\n<tr>\n<td valign=\"top\" width=\"130\">\u00a0Secretaria<\/td>\n<td valign=\"top\" width=\"148\">\u00a0FR\u00cdAS, Catalina<\/td>\n<td style=\"text-align: center;\" valign=\"top\" width=\"112\">40.608.324<\/td>\n<td valign=\"top\" width=\"130\">\u00a0Alumna<\/td>\n<\/tr>\n<tr>\n<td valign=\"top\" width=\"130\">\u00a0Prosecretario<\/td>\n<td valign=\"top\" width=\"148\">\u00a0ALVAREZ, Iv\u00e1n A.<\/td>\n<td style=\"text-align: center;\" valign=\"top\" width=\"112\">41.186.374<\/td>\n<td valign=\"top\" width=\"130\">\u00a0Alumno<\/td>\n<\/tr>\n<tr>\n<td valign=\"top\" width=\"130\">\u00a0Revisor cuenta (tit)<\/td>\n<td valign=\"top\" width=\"148\">\u00a0GONZALEZ, Aldo Al\u00ed<\/td>\n<td style=\"text-align: center;\" valign=\"top\" width=\"112\">35.687.855<\/td>\n<td valign=\"top\" width=\"130\">\u00a0Alumno<\/td>\n<\/tr>\n<tr>\n<td valign=\"top\" width=\"130\">\u00a0Revisor cuenta (tit)<\/td>\n<td valign=\"top\" width=\"148\">\u00a0L\u00d3PEZ, Jaime Jacobo<\/td>\n<td style=\"text-align: center;\" valign=\"top\" width=\"112\">32.752.894<\/td>\n<td valign=\"top\" width=\"130\">\u00a0Profesor Asesor<\/td>\n<\/tr>\n<tr>\n<td valign=\"top\" width=\"130\">\u00a0Revisor cuenta (tit)<\/td>\n<td valign=\"top\" width=\"148\">\u00a0BARRIOS, Cintia<\/td>\n<td style=\"text-align: center;\" valign=\"top\" width=\"112\">41.812.673<\/td>\n<td valign=\"top\" width=\"130\">\u00a0Alumna<\/td>\n<\/tr>\n<tr>\n<td valign=\"top\" width=\"130\">\u00a0Revisor cuenta (supl)<\/td>\n<td valign=\"top\" width=\"148\">\u00a0KUMM, Mar\u00eda Laura<\/td>\n<td style=\"text-align: center;\" valign=\"top\" width=\"112\">38.016.697<\/td>\n<td valign=\"top\" width=\"130\">\u00a0Alumna<\/td>\n<\/tr>\n<tr>\n<td valign=\"top\" width=\"130\">\u00a0Vocal (tit.)<\/td>\n<td valign=\"top\" width=\"148\">\u00a0HURTADO, Daniela<\/td>\n<td style=\"text-align: center;\" valign=\"top\" width=\"112\">36.367.919<\/td>\n<td valign=\"top\" width=\"130\">\u00a0Alumna<\/td>\n<\/tr>\n<tr>\n<td valign=\"top\" width=\"130\">\u00a0Vocal (tit.)<\/td>\n<td valign=\"top\" width=\"148\">\u00a0FRANCO, Alejandra Edith<\/td>\n<td style=\"text-align: center;\" valign=\"top\" width=\"112\">27.459.222<\/td>\n<td valign=\"top\" width=\"130\">\u00a0Alumna<\/td>\n<\/tr>\n<tr>\n<td valign=\"top\" width=\"130\">\u00a0Vocal (tit.)<\/td>\n<td valign=\"top\" width=\"148\">\u00a0SCHULZ, Carla Trinidad<\/td>\n<td style=\"text-align: center;\" valign=\"top\" width=\"112\">41974818<\/td>\n<td valign=\"top\" width=\"130\">\u00a0Alumna<\/td>\n<\/tr>\n<tr>\n<td valign=\"top\" width=\"130\">\u00a0Vocal (tit.)<\/td>\n<td valign=\"top\" width=\"148\">\u00a0DOM\u00cdNGUEZ, Carolina Bel\u00e9n<\/td>\n<td style=\"text-align: center;\" valign=\"top\" width=\"112\">40.500.289<\/td>\n<td valign=\"top\" width=\"130\">\u00a0Alumna<\/td>\n<\/tr>\n<tr>\n<td valign=\"top\" width=\"130\">\u00a0Vocal (tit.)<\/td>\n<td valign=\"top\" width=\"148\">\u00a0GALARZA, C\u00e9sar<\/td>\n<td style=\"text-align: center;\" valign=\"top\" width=\"112\">38.121.434<\/td>\n<td valign=\"top\" width=\"130\">\u00a0Alumno<\/td>\n<\/tr>\n<tr>\n<td valign=\"top\" width=\"130\">\u00a0Vocal (tit.)<\/td>\n<td valign=\"top\" width=\"148\">\u00a0BARICHEVAL, A. J.<\/td>\n<td style=\"text-align: center;\" valign=\"top\" width=\"112\">39.940.445<\/td>\n<td valign=\"top\" width=\"130\">\u00a0Alumno<\/td>\n<\/tr>\n<tr>\n<td valign=\"top\" width=\"130\">\u00a0Vocal (tit.)<\/td>\n<td valign=\"top\" width=\"148\">\u00a0RUIZ, Emilio<\/td>\n<td style=\"text-align: center;\" valign=\"top\" width=\"112\">36.869.297<\/td>\n<td valign=\"top\" width=\"130\">\u00a0Alumno<\/td>\n<\/tr>\n<tr>\n<td valign=\"top\" width=\"130\">\u00a0Vocal (supl.)<\/td>\n<td valign=\"top\" width=\"148\">\u00a0CISNEROS, Lucas D.<\/td>\n<td style=\"text-align: center;\" valign=\"top\" width=\"112\">34.033.390<\/td>\n<td valign=\"top\" width=\"130\">\u00a0Alumno<\/td>\n<\/tr>\n<tr>\n<td valign=\"top\" width=\"130\">\u00a0Vocal (supl.)<\/td>\n<td valign=\"top\" width=\"148\">\u00a0MONTENEGRO, Ram\u00f3n Adri\u00e1n<\/td>\n<td style=\"text-align: center;\" valign=\"top\" width=\"112\">42.190.160<\/td>\n<td valign=\"top\" width=\"130\">\u00a0Alumno<\/td>\n<\/tr>\n<tr>\n<td valign=\"top\" width=\"130\">\u00a0Vocal (supl.)<\/td>\n<td valign=\"top\" width=\"148\">\u00a0VALIENTE, Jonathan<\/td>\n<td style=\"text-align: center;\" valign=\"top\" width=\"112\">41.186.381<\/td>\n<td valign=\"top\" width=\"130\">\u00a0Alumno<\/td>\n<\/tr>\n<tr>\n<td valign=\"top\" width=\"130\">\u00a0Vocal (supl.)<\/td>\n<td valign=\"top\" width=\"148\">\u00a0CUENCA ZAYAS, H.<\/td>\n<td style=\"text-align: center;\" valign=\"top\" width=\"112\">27.487.422<\/td>\n<td valign=\"top\" width=\"130\">\u00a0Profesor Asesor<\/td>\n<\/tr>\n<tr>\n<td valign=\"top\" width=\"130\">\u00a0Vocal (supl.)<\/td>\n<td valign=\"top\" width=\"148\">\u00a0ROJAS, Antonio R.<\/td>\n<td style=\"text-align: center;\" valign=\"top\" width=\"112\">30.854.852<\/td>\n<td valign=\"top\" width=\"130\">\u00a0Alumno<\/td>\n<\/tr>\n<tr>\n<td valign=\"top\" width=\"130\">\u00a0Vocal (supl.)<\/td>\n<td valign=\"top\" width=\"148\">\u00a0ORTIZ, Dante Leonel<\/td>\n<td style=\"text-align: center;\" valign=\"top\" width=\"112\">40.607.408<\/td>\n<td valign=\"top\" width=\"130\">\u00a0Alumno<\/td>\n<\/tr>\n<tr>\n<td valign=\"top\" width=\"130\">\u00a0Vocal (supl.)<\/td>\n<td valign=\"top\" width=\"148\">\u00a0ARGA\u00d1ARAZ, Melina Soledad<\/td>\n<td style=\"text-align: center;\" valign=\"top\" width=\"112\">40.608.243<\/td>\n<td valign=\"top\" width=\"130\">\u00a0Alumna<\/td>\n<\/tr>\n<\/tbody>\n<\/table>\n<p style=\"text-align: right;\">\n<p style=\"text-align: right;\"><span style=\"font-size: 12pt;\">PAMPA DEL INDIO, 23 de marzo 2020<\/span><\/p>\n<p style=\"text-align: center;\"><strong>\u00a0 \u00a0 \u00a0 \u00a0 \u00a0 \u00a0 \u00a0 \u00a0 \u00a0 \u00a0 \u00a0 \u00a0 \u00a0 \u00a0 \u00a0 \u00a0 \u00a0 \u00a0<\/strong><strong><span style=\"font-size: 12pt;\">\u00a0COMUNICADO<\/span><\/strong><\/p>\n<p>\u00a0<span style=\"font-size: 10pt;\">La Rectoria del I.E.S. de Pampa del Indio comunica a todos los alumnos que las mesas de los ex\u00e1menes finales TURNO: Marzo-Abril, est\u00e1n suspendidas en el marco de las medidas que el Gobierno Provincial viene implementando por la Emergencia Sanitaria por la lucha contra el CORONAVIRIS (COVID19) del 16\/03\/20 hasta el 31\/03\/2020. Y que la misma exige que se adopten medidas r\u00e1pidas y eficaces.\u00a0<span style=\"font-family: 'times new roman', times; font-size: 12pt;\">\u00a1Muchas gracias!<\/span><\/span><\/p>\n<p style=\"text-align: right;\"><span style=\"font-size: 12pt;\">PAMPA DEL INDIO, 15 de marzo 2017<\/span><\/p>\n<p style=\"text-align: center;\"><strong>\u00a0 \u00a0 \u00a0 \u00a0 \u00a0 \u00a0 \u00a0 \u00a0 \u00a0 \u00a0 \u00a0 \u00a0 \u00a0 \u00a0 \u00a0 \u00a0 \u00a0 \u00a0<\/strong><strong><span style=\"font-size: 12pt;\">\u00a0COMUNICADO<\/span><\/strong><\/p>\n<p>\u00a0<span style=\"font-size: 10pt;\">La Rectora del I.E.S. de Pampa del Indio comunica a todos los interesados que se extiende la inscripci\u00f3n, para el ingreso a carreras de formaci\u00f3n docente que oferta la instituci\u00f3n, hasta el 05 de abril inclusive.\u00a0<\/span><br \/>\n<span style=\"font-size: 10pt;\">El Taller Introductorio se llevar\u00e1 a cabo desde el 06 y hasta el 12 de abril.<\/span><br \/>\n<span style=\"font-size: 10pt;\">Para mayor consulta, dirigirse a la instituci\u00f3n de 8,00 a 11,00 hs y de 18,30 a 21,30 hs.<\/span><\/p>\n<p style=\"text-align: right;\">\u00a0<span style=\"font-size: 12pt;\">\u00a0<span style=\"font-family: 'times new roman', times;\">\u00a0PAMPA DEL INDIO, 03 de marzo de 2017<\/span><\/span><\/p>\n<p><span style=\"font-size: 12pt;\"><strong style=\"font-family: 'times new roman', times; font-size: 10pt;\">\u00a0 \u00a0 \u00a0 \u00a0 \u00a0 \u00a0 \u00a0 \u00a0 \u00a0 \u00a0 \u00a0 \u00a0 \u00a0 \u00a0 \u00a0 \u00a0 \u00a0 \u00a0 \u00a0 \u00a0 \u00a0 \u00a0 \u00a0 \u00a0 \u00a0 \u00a0 \u00a0 \u00a0 \u00a0COMUNICADO<\/strong><\/span><\/p>\n<p><span style=\"font-family: 'times new roman', times; font-size: 12pt;\">\u00a0<\/span><\/p>\n<p><span style=\"font-family: 'times new roman', times; font-size: 12pt;\">La Rector\u00eda del Instituto de Educaci\u00f3n Superior de Pampa del Indio comunica a todos los interesados que se encuentra disponible, en la instituci\u00f3n, la Lista de Interinatos y Suplencias, Periodo \u00abA\u00bb 2017, para su notificaci\u00f3n.<\/span><br \/>\n<span style=\"font-family: 'times new roman', times; font-size: 12pt;\">A partir de la fecha comienza a correr el periodo de tacha (10 d\u00edas h\u00e1biles).<\/span><\/p>\n<p><span style=\"font-family: 'times new roman', times; font-size: 12pt;\">Se solicita su colaboraci\u00f3n con la difusi\u00f3n de la informaci\u00f3n. \u00a1Muchas gracias!<\/span><\/p>\n<p><span style=\"font-size: 10pt;\">PAMPA DEL INDIO, 22 de febrero de 2017<\/span><\/p>\n<p><span style=\"font-size: 10pt;\">\u00a0<\/span><\/p>\n<p><span style=\"font-size: 10pt;\"><strong>\u00a0 \u00a0 \u00a0 \u00a0 \u00a0 \u00a0 \u00a0 \u00a0 \u00a0 \u00a0 \u00a0 \u00a0 \u00a0 \u00a0 \u00a0 \u00a0 \u00a0 \u00a0 COMUNICADO<\/strong><\/span><\/p>\n<p><span style=\"font-size: 10pt;\">La Rector\u00eda del I.E.S. de Pampa del Indio comunica el siguiente cronograma:<\/span><br \/>\n<span style=\"font-size: 10pt;\">&#8211; 23 y 24 febrero: Inscripci\u00f3n a ex\u00e1menes finales de 7,30 a 12,00 hs y de 17,00 a 22,00 hs.<\/span><br \/>\n<span style=\"font-size: 10pt;\">&#8211; A partir del 03 de marzo: Mesas de ex\u00e1menes finales (pr\u00f3ximamente se publicar\u00e1 el cronograma)<\/span><br \/>\n<span style=\"font-size: 10pt;\">&#8211; 03 al 20 marzo: inscripci\u00f3n a carreras.<\/span><br \/>\n<span style=\"font-size: 10pt;\">&#8211; 20 al 27 de marzo: Taller Introductorio.<\/span><\/p>\n<div class=\"text_exposed_show\">\n<p><span style=\"font-size: 10pt;\">Colaborar con la difusi\u00f3n de la informaci\u00f3n. \u00a1Muchas gracias!<\/span><\/p>\n<\/div>\n<p style=\"text-align: right;\">03 de Octubre del 2014<\/p>\n<p><strong>\u00a0 \u00a0 \u00a0 \u00a0 \u00a0 \u00a0 \u00a0 \u00a0 \u00a0 \u00a0 \u00a0 \u00a0 \u00a0 \u00a0 \u00a0 \u00a0 \u00a0 \u00a0 \u00a0 \u00a0 \u00a0 \u00a0 \u00a0 \u00a0 \u00a0 \u00a0 \u00a0 \u00a0 \u00a0 \u00a0 \u00a0 \u00a0 \u00a0 COMUNICADO<\/strong><\/p>\n<p style=\"text-align: justify;\">\u00a0 \u00a0 \u00a0 \u00a0 La Junta Electoral del Instituto de Educaci\u00f3n Superior de Pampa del Indio informa<\/p>\n<p style=\"text-align: center;\"><strong>RENOVACI\u00d3N DE LOS MIEMBROS DEL CONSEJO DIRECTIVO<\/strong><\/p>\n<p style=\"text-align: center;\"><strong>RESULTADO DE LAS ELECCIONES &#8211;\u00a0 A\u00d1O 2014<\/strong><\/p>\n<p><strong>\u00a0<\/strong><\/p>\n<p><strong>PROFESORADO DE BIOLOG\u00cdA<\/strong><\/p>\n<p style=\"text-align: justify;\">\u00d8 Sector alumno:<\/p>\n<p style=\"text-align: justify;\">\u00a0&#8211; \u00a0 Nolasco, Fernando\u00a0\u00a0\u00a0 (Titular)<\/p>\n<p style=\"text-align: justify;\">\u00a0&#8211; \u00a0 \u00a0Vega, Sebasti\u00e1n\u00a0\u00a0 (Suplente)<\/p>\n<p style=\"text-align: justify;\">\u00d8 Sector docente:<\/p>\n<p style=\"text-align: justify;\">&#8211;\u00a0\u00a0\u00a0 Maciel, Hugo O. (Titular)<\/p>\n<p style=\"text-align: justify;\">&#8211;\u00a0\u00a0 \u00a0\u00a0C\u00e1ceres, Mabel (Suplente)<\/p>\n<p style=\"text-align: justify;\"><strong>\u00a0<\/strong><strong>PROFESORADO DE GEOGRAF\u00cdA<\/strong><\/p>\n<p style=\"text-align: justify;\">\u00d8 Sector alumno:<\/p>\n<p style=\"text-align: justify;\">&#8211; \u00a0 \u00a0 \u00a0 Simek, Franco\u00a0 (Titular)<\/p>\n<p style=\"text-align: justify;\">\u00a0&#8211;\u00a0\u00a0\u00a0\u00a0\u00a0\u00a0 Jurozcko, Celeste\u00a0 (empate \u2013 a ballotage)<\/p>\n<p style=\"text-align: justify;\">\u00a0&#8211;\u00a0\u00a0\u00a0\u00a0\u00a0\u00a0 Vega, Leandro\u00a0 (empate \u2013 a ballotage)<\/p>\n<p style=\"text-align: justify;\">\u00a0&#8211;\u00a0\u00a0\u00a0\u00a0\u00a0\u00a0 C\u00e1ceres, Miguel (3\u00ba Suplente)<\/p>\n<p style=\"text-align: justify;\">\u00a0&#8211;\u00a0\u00a0\u00a0\u00a0\u00a0\u00a0 Vel\u00e1zquez, Camila (4\u00ba Suplente)<\/p>\n<p style=\"text-align: justify;\">\u00a0&#8211;\u00a0\u00a0\u00a0\u00a0\u00a0\u00a0 Lencina, Joaqu\u00edn (5\u00ba Suplente)<\/p>\n<p style=\"text-align: justify;\">\u00a0\u00d8 Sector docente:<\/p>\n<p style=\"text-align: justify;\">\u00a0&#8211;\u00a0\u00a0\u00a0 Vega, Carlos (Titular)<\/p>\n<p style=\"text-align: justify;\">\u00a0&#8211;\u00a0\u00a0 \u00a0\u00a0Mart\u00ednez, Patricia (Suplente)<\/p>\n<p style=\"text-align: justify;\">\u00a0<strong>PROFESORADO DE HISTORIA:<\/strong><\/p>\n<p style=\"text-align: justify;\">\u00d8 Sector alumno:<\/p>\n<p style=\"text-align: justify;\">&#8211;\u00a0\u00a0\u00a0 Duete, Mat\u00edas \u00a0(Titular)<\/p>\n<p style=\"text-align: justify;\">&#8211; \u00a0 \u00a0Gay, Fernando (1\u00ba Suplente)<\/p>\n<p style=\"text-align: justify;\">&#8211; \u00a0 \u00a0\u00c1lvarez, Maximiliano (2\u00ba Suplente)<\/p>\n<p style=\"text-align: justify;\">\u00d8 Sector docente:<\/p>\n<p style=\"text-align: justify;\">&#8211;\u00a0\u00a0 G\u00f3mez, Viviana (Titular)<\/p>\n<p style=\"text-align: justify;\">&#8211;\u00a0\u00a0 \u00a0\u00a0Retamozo, Roberto\u00a0\u00a0 (Suplente)<\/p>\n<p style=\"text-align: justify;\"><strong>PROFESORADO DE EDUCACI\u00d3N PRIMARIA:<\/strong><\/p>\n<p style=\"text-align: justify;\">\u00d8 Sector alumno:<\/p>\n<p style=\"text-align: justify;\">&#8211; \u00a0 \u00a0Gil, Maximiliano (Titular)<\/p>\n<p style=\"text-align: justify;\">&#8211; \u00a0 \u00a0G\u00f3mez, Flavia (Suplente)<\/p>\n<p style=\"text-align: justify;\">\u00d8 Sector docente:<\/p>\n<p style=\"text-align: justify;\">&#8211; \u00a0\u00a0\u00a0Acosta, Graciela (Titular)<\/p>\n<p style=\"text-align: justify;\">&#8211; \u00a0 \u00a0Rivas, Noelia (Suplente)<\/p>\n<p style=\"text-align: justify;\"><strong>En la UES de Pcia. Roca:<\/strong><\/p>\n<p style=\"text-align: justify;\">\u00a0\u00a0\u00d8 Sector alumno:<\/p>\n<p style=\"text-align: justify;\">&#8211; \u00a0 \u00a0Bertoia, fernando Ariel (Titular)<\/p>\n<p style=\"text-align: justify;\">\u00d8 Sector docente:<\/p>\n<p style=\"text-align: justify;\">&#8211; \u00a0 \u00a0Zucarelli Gallarani, Oriana (Titular)<\/p>\n<p style=\"text-align: justify;\"><strong>PROFESORADO INTERCULTURAL BILING\u00dcE PARA LA EDUC. PRIMARIA:\u00a0<\/strong><\/p>\n<p style=\"text-align: justify;\">\u00d8 Sector alumno:<\/p>\n<p style=\"text-align: justify;\">&#8211; \u00a0\u00a0\u00a0Ojeda, Ariel (Titular)<\/p>\n<p style=\"text-align: justify;\">&#8211; \u00a0 \u00a0Romero, Sebasti\u00e1n\u00a0\u00a0\u00a0\u00a0 (1\u00ba Suplente)<\/p>\n<p style=\"text-align: justify;\">&#8211; \u00a0 \u00a0Alegre, Graciela (2\u00ba Suplente)<\/p>\n<p style=\"text-align: justify;\">\u00d8 Sector docente:<\/p>\n<p style=\"text-align: justify;\">&#8211; \u00a0\u00a0\u00a0Medina, Dami\u00e1n\u00a0 (Titular)<\/p>\n<p style=\"text-align: justify;\">&#8211; \u00a0 \u00a0Coduti, Juan Ram\u00f3n (Suplente)<\/p>\n<p style=\"text-align: justify;\"><strong>TECNICATURA EN TECNOLOG\u00cdA DE LOS ALIMENTOS:<\/strong><\/p>\n<p style=\"text-align: justify;\">\u00d8 Sector alumno:\u00a0\u00a0\u00a0\u00a0 &#8211;\u00a0\u00a0\u00a0 Peloso, Karina (Titular)<\/p>\n<p style=\"text-align: justify;\">\u00d8 Sector docente: \u00a0\u00a0\u00a0\u00a0&#8211;\u00a0\u00a0\u00a0 Mart\u00edn, Adri\u00e1n (Titular)<\/p>\n<p style=\"text-align: justify;\"><strong>\u00a0\u00a0\u00a0\u00a0\u00a0\u00a0\u00a0\u00a0\u00a0\u00a0\u00a0\u00a0\u00a0\u00a0\u00a0\u00a0\u00a0\u00a0\u00a0\u00a0\u00a0\u00a0\u00a0\u00a0\u00a0\u00a0\u00a0\u00a0\u00a0\u00a0\u00a0\u00a0\u00a0\u00a0\u00a0\u00a0\u00a0\u00a0\u00a0\u00a0\u00a0\u00a0\u00a0\u00a0\u00a0\u00a0\u00a0\u00a0\u00a0\u00a0\u00a0\u00a0\u00a0\u00a0\u00a0\u00a0\u00a0\u00a0\u00a0\u00a0\u00a0\u00a0\u00a0\u00a0\u00a0\u00a0\u00a0\u00a0\u00a0\u00a0\u00a0\u00a0\u00a0\u00a0\u00a0\u00a0\u00a0\u00a0\u00a0\u00a0\u00a0\u00a0\u00a0\u00a0\u00a0\u00a0\u00a0\u00a0\u00a0\u00a0\u00a0\u00a0\u00a0\u00a0\u00a0\u00a0\u00a0\u00a0\u00a0\u00a0\u00a0\u00a0\u00a0\u00a0\u00a0\u00a0\u00a0\u00a0\u00a0\u00a0 JUNTA ELECTORAL<\/strong><\/p>\n<p style=\"text-align: justify;\">\n<\/td>\n<\/tr>\n<\/tbody>\n<\/table>\n","protected":false},"excerpt":{"rendered":"<p>\u00a0 \u00a0 \u00a0 \u00a0 Este Instituto de Educaci\u00f3n Superior de Formaci\u00f3n Docente y T\u00e9cnica ubicado en la localidad Pampa del Indio, Provincia del Chaco,forma parte del sistema de educaci\u00f3n p\u00fablica de gesti\u00f3n estatal. \u00a0 \u00a0 \u00a0 \u00a0 A trav\u00e9s de este sitio en Internet, nuestro Instituto comunicar\u00e1 novedades, acercar\u00e1 informaci\u00f3n, compartir\u00e1 experiencias y brindar\u00e1 apoyo &#8230; <a title=\"contactenos\" class=\"read-more\" href=\"https:\/\/inspampadelindio-cha.infd.edu.ar\/sitio\/\" aria-label=\"More on contactenos\">[+]<\/a><\/p>\n","protected":false},"author":1,"featured_media":0,"parent":0,"menu_order":0,"comment_status":"closed","ping_status":"closed","template":"","meta":[],"acf":[],"_links":{"self":[{"href":"https:\/\/inspampadelindio-cha.infd.edu.ar\/sitio\/wp-json\/wp\/v2\/pages\/286"}],"collection":[{"href":"https:\/\/inspampadelindio-cha.infd.edu.ar\/sitio\/wp-json\/wp\/v2\/pages"}],"about":[{"href":"https:\/\/inspampadelindio-cha.infd.edu.ar\/sitio\/wp-json\/wp\/v2\/types\/page"}],"author":[{"embeddable":true,"href":"https:\/\/inspampadelindio-cha.infd.edu.ar\/sitio\/wp-json\/wp\/v2\/users\/1"}],"replies":[{"embeddable":true,"href":"https:\/\/inspampadelindio-cha.infd.edu.ar\/sitio\/wp-json\/wp\/v2\/comments?post=286"}],"version-history":[{"count":82,"href":"https:\/\/inspampadelindio-cha.infd.edu.ar\/sitio\/wp-json\/wp\/v2\/pages\/286\/revisions"}],"predecessor-version":[{"id":1343,"href":"https:\/\/inspampadelindio-cha.infd.edu.ar\/sitio\/wp-json\/wp\/v2\/pages\/286\/revisions\/1343"}],"wp:attachment":[{"href":"https:\/\/inspampadelindio-cha.infd.edu.ar\/sitio\/wp-json\/wp\/v2\/media?parent=286"}],"curies":[{"name":"wp","href":"https:\/\/api.w.org\/{rel}","templated":true}]}}