{"id":997,"date":"2018-08-30T16:24:15","date_gmt":"2018-08-30T19:24:15","guid":{"rendered":"https:\/\/inspampadelindio-cha.infd.edu.ar\/sitio\/profesorado-de-educacion-superior-en-educacion-fisica\/"},"modified":"2020-04-01T01:14:32","modified_gmt":"2020-04-01T04:14:32","slug":"profesorado-de-educacion-superior-en-educacion-fisica","status":"publish","type":"page","link":"https:\/\/inspampadelindio-cha.infd.edu.ar\/sitio\/ubicacion-geografica\/profesorado-de-educacion-superior-en-educacion-fisica\/","title":{"rendered":"Profesorado de Educaci\u00f3n Superior en Educaci\u00f3n F\u00edsica"},"content":{"rendered":"<p>Estudios M\u00e9dicos completos para el Profesorado de Educaci\u00f3n Superior en educaci\u00f3n F\u00edsica.<\/p>\n<p><a href=\"https:\/\/inspampadelindio-cha.infd.edu.ar\/sitio\/profesorado-de-educacion-superior-en-educacion-fisica\/estudios_medicos-2\/\" rel=\"attachment wp-att-1210\">Estudios M\u00e9dicos. Prof. de Educ. Sup. en Educaci\u00f3n F\u00edsica.<\/a> <a href=\"https:\/\/inspampadelindio-cha.infd.edu.ar\/sitio\/wp-content\/uploads\/2020\/03\/Anexo_II_Declaracion_Jurada_alumno_1.pdf\">Anexo_II_Declaracion_Jurada_alumno_1<\/a><a href=\"https:\/\/inspampadelindio-cha.infd.edu.ar\/sitio\/profesorado-de-educacion-superior-en-educacion-fisica\/estudios_medicos-2\/\" rel=\"attachment wp-att-1210\">Estudios M\u00e9dicos. Prof. de Educ. Sup. en Educaci\u00f3n F\u00edsica.<\/a><\/p>\n","protected":false},"excerpt":{"rendered":"<p>Estudios M\u00e9dicos completos para el Profesorado de Educaci\u00f3n Superior en educaci\u00f3n F\u00edsica. Estudios M\u00e9dicos. Prof. de Educ. Sup. en Educaci\u00f3n F\u00edsica. Anexo_II_Declaracion_Jurada_alumno_1Estudios M\u00e9dicos. Prof. de Educ. Sup. en Educaci\u00f3n F\u00edsica.<\/p>\n","protected":false},"author":187,"featured_media":0,"parent":1022,"menu_order":0,"comment_status":"closed","ping_status":"closed","template":"","meta":[],"acf":[],"_links":{"self":[{"href":"https:\/\/inspampadelindio-cha.infd.edu.ar\/sitio\/wp-json\/wp\/v2\/pages\/997"}],"collection":[{"href":"https:\/\/inspampadelindio-cha.infd.edu.ar\/sitio\/wp-json\/wp\/v2\/pages"}],"about":[{"href":"https:\/\/inspampadelindio-cha.infd.edu.ar\/sitio\/wp-json\/wp\/v2\/types\/page"}],"author":[{"embeddable":true,"href":"https:\/\/inspampadelindio-cha.infd.edu.ar\/sitio\/wp-json\/wp\/v2\/users\/187"}],"replies":[{"embeddable":true,"href":"https:\/\/inspampadelindio-cha.infd.edu.ar\/sitio\/wp-json\/wp\/v2\/comments?post=997"}],"version-history":[{"count":2,"href":"https:\/\/inspampadelindio-cha.infd.edu.ar\/sitio\/wp-json\/wp\/v2\/pages\/997\/revisions"}],"predecessor-version":[{"id":1209,"href":"https:\/\/inspampadelindio-cha.infd.edu.ar\/sitio\/wp-json\/wp\/v2\/pages\/997\/revisions\/1209"}],"up":[{"embeddable":true,"href":"https:\/\/inspampadelindio-cha.infd.edu.ar\/sitio\/wp-json\/wp\/v2\/pages\/1022"}],"wp:attachment":[{"href":"https:\/\/inspampadelindio-cha.infd.edu.ar\/sitio\/wp-json\/wp\/v2\/media?parent=997"}],"curies":[{"name":"wp","href":"https:\/\/api.w.org\/{rel}","templated":true}]}}